{"id":103,"date":"2020-03-27T16:50:12","date_gmt":"2020-03-27T15:50:12","guid":{"rendered":"https:\/\/www.abholservice24.de\/?page_id=103"},"modified":"2020-04-23T07:40:15","modified_gmt":"2020-04-23T05:40:15","slug":"impressum-2","status":"publish","type":"page","link":"https:\/\/www.abholservice24.de\/ihr-abholservice-portal-startet-demnaechst-hier-neu\/impressum-2\/","title":{"rendered":"Impressum"},"content":{"rendered":"<div class=\"wpb_column vc_column_container vc_col-sm-9\">\n<div class=\"vc_column-inner \">\n<div class=\"wpb_wrapper\">\n<div class=\"wpb_text_column wpb_content_element \">\n<div class=\"wpb_wrapper\">\n<h3>Diensteanbieter und verantwortlich f\u00fcr die Inhalte<\/h3>\n<p><strong>BRAL Reststoff-Bearbeitungs GmbH<\/strong><br \/>Marzahner Stra\u00dfe 36<br \/>13053 Berlin<\/p>\n<p>Tel: <a href=\"tel:+49309824235\">030. 982 42 35<\/a><br \/>Fax: 030. 982 42 36<br \/>E-Mail: <a href=\"mailto:info@bral.de\">info@bral.de<\/a><br \/>Web: <a href=\"https:\/\/www.bral.berlin\/impressum\/www.bral.de\">www.bral.de<\/a><\/p>\n<p><strong>Gesch\u00e4ftsf\u00fchrer:<\/strong>\u00a0Thomas Wagner<br \/><strong>Handelsregistereintrag:<\/strong> Amtsgericht Berlin \u2013 Charlottenburg HRB 53278<br \/><strong>SteuerIdent-Nr.:<\/strong> DE 16 666 10 68<\/p>\n<\/div>\n<\/div>\n<div class=\"wpb_text_column wpb_content_element \">\n<div class=\"wpb_wrapper\">\n<h3>Haftungsausschluss<\/h3>\n<p>Der Autor (BRAL Reststoff-Bearbeitungs GmbH) \u00fcbernimmt keinerlei Gew\u00e4hr f\u00fcr die Aktualit\u00e4t, Korrektheit, Vollst\u00e4ndigkeit oder Qualit\u00e4t der bereitgestellten Informationen. Haftungsanspr\u00fcche gegen den Autor, welche sich auf Sch\u00e4den materieller oder ideeller Art beziehen, die durch die Nutzung oder Nichtnutzung der dargebotenen Informationen bzw. durch die Nutzung fehlerhafter und unvollst\u00e4ndiger Informationen verursacht wurden, sind grunds\u00e4tzlich ausgeschlossen, sofern seitens des Autors kein nachweislich vors\u00e4tzliches oder grob fahrl\u00e4ssiges Verschulden vorliegt. Alle Angebote sind freibleibend und unverbindlich. Der Autor beh\u00e4lt es sich ausdr\u00fccklich vor, Teile der Seiten oder das gesamte Angebot ohne gesonderte Ank\u00fcndigung zu ver\u00e4ndern, zu erg\u00e4nzen, zu l\u00f6schen oder die Ver\u00f6ffentlichung zeitweise oder endg\u00fcltig einzustellen.<\/p>\n<\/div>\n<\/div>\n<div class=\"wpb_text_column wpb_content_element \">\n<div class=\"wpb_wrapper\">\n<h3>Verweise und Links<\/h3>\n<p>Bei direkten oder indirekten Verweisen auf fremde Webseiten (\u201cHyperlinks\u201d), die au\u00dferhalb des Verantwortungsbereiches des Autors liegen, w\u00fcrde eine Haftungsverpflichtung ausschlie\u00dflich in dem Fall in Kraft treten, in dem der Autor von den Inhalten Kenntnis hat und es ihm technisch m\u00f6glich und zumutbar w\u00e4re, die Nutzung im Falle rechtswidriger Inhalte zu verhindern. Der Autor erkl\u00e4rt hiermit ausdr\u00fccklich, dass zum Zeitpunkt der Linksetzung keine illegalen Inhalte auf den zu verlinkenden Seiten erkennbar waren. Auf die aktuelle und zuk\u00fcnftige Gestaltung, die Inhalte oder die Urheberschaft der gelinkten\/verkn\u00fcpften Seiten hat der Autor keinerlei Einfluss. Deshalb distanziert er sich hiermit ausdr\u00fccklich von allen Inhalten aller gelinkten \/verkn\u00fcpften Seiten, die nach der Linksetzung ver\u00e4ndert wurden.<\/p>\n<\/div>\n<\/div>\n<div class=\"wpb_text_column wpb_content_element \">\n<div class=\"wpb_wrapper\">\n<h3>Urheber- und Kennzeichenrecht<\/h3>\n<p>Das Copyright f\u00fcr ver\u00f6ffentlichte, vom Autor selbst erstellte Objekte bleibt allein beim Autor der Seiten. Eine Vervielf\u00e4ltigung oder Verwendung solcher Grafiken und Texte in anderen elektronischen oder gedruckten Publikationen ist ohne ausdr\u00fcckliche Zustimmung des Autors nicht gestattet.<\/p>\n<\/div>\n<\/div>\n<\/div>\n<\/div>\n<\/div>\n<p>Hinweise zum Datenschutz finden Sie hier: <a href=\"https:\/\/www.abholservice24.de\/datenschutzerklaerung\/\">Datenschutzerkl\u00e4rung<\/a><\/p>\n<p>Unser allgemeinen Gesch\u00e4ftsbedingungen AGB finden Sie hier: <a href=\"https:\/\/www.abholservice24.de\/agb\/\">AGB<\/a><\/p>\n\n\n<p>Plattform der EU-Kommission zur Online-Streitbeilegung: <a rel=\"noreferrer noopener\" href=\"https:\/\/www.ec.europa.eu\/consumers\/odr\" target=\"_blank\">https:\/\/www.ec.europa.eu\/consumers\/odr<\/a><\/p>\n","protected":false},"excerpt":{"rendered":"<p>Diensteanbieter und verantwortlich f\u00fcr die Inhalte BRAL Reststoff-Bearbeitungs GmbHMarzahner Stra\u00dfe 3613053 Berlin Tel: 030. 982 42 35Fax: 030. 982 42 36E-Mail: info@bral.deWeb: www.bral.de Gesch\u00e4ftsf\u00fchrer:\u00a0Thomas WagnerHandelsregistereintrag: Amtsgericht Berlin \u2013 Charlottenburg HRB 53278SteuerIdent-Nr.: DE 16 666 10 68 Haftungsausschluss Der Autor (BRAL Reststoff-Bearbeitungs GmbH) \u00fcbernimmt keinerlei Gew\u00e4hr f\u00fcr die Aktualit\u00e4t, Korrektheit, Vollst\u00e4ndigkeit oder Qualit\u00e4t der bereitgestellten Informationen. [&hellip;]<\/p>\n","protected":false},"author":1,"featured_media":0,"parent":0,"menu_order":0,"comment_status":"closed","ping_status":"closed","template":"","meta":{"site-sidebar-layout":"default","site-content-layout":"","ast-site-content-layout":"default","site-content-style":"default","site-sidebar-style":"default","ast-global-header-display":"","ast-banner-title-visibility":"","ast-main-header-display":"","ast-hfb-above-header-display":"","ast-hfb-below-header-display":"","ast-hfb-mobile-header-display":"","site-post-title":"","ast-breadcrumbs-content":"","ast-featured-img":"","footer-sml-layout":"","theme-transparent-header-meta":"","adv-header-id-meta":"","stick-header-meta":"","header-above-stick-meta":"","header-main-stick-meta":"","header-below-stick-meta":"","astra-migrate-meta-layouts":"default","ast-page-background-enabled":"default","ast-page-background-meta":{"desktop":{"background-color":"var(--ast-global-color-4)","background-image":"","background-repeat":"repeat","background-position":"center center","background-size":"auto","background-attachment":"scroll","background-type":"","background-media":"","overlay-type":"","overlay-color":"","overlay-opacity":"","overlay-gradient":""},"tablet":{"background-color":"","background-image":"","background-repeat":"repeat","background-position":"center center","background-size":"auto","background-attachment":"scroll","background-type":"","background-media":"","overlay-type":"","overlay-color":"","overlay-opacity":"","overlay-gradient":""},"mobile":{"background-color":"","background-image":"","background-repeat":"repeat","background-position":"center center","background-size":"auto","background-attachment":"scroll","background-type":"","background-media":"","overlay-type":"","overlay-color":"","overlay-opacity":"","overlay-gradient":""}},"ast-content-background-meta":{"desktop":{"background-color":"var(--ast-global-color-5)","background-image":"","background-repeat":"repeat","background-position":"center center","background-size":"auto","background-attachment":"scroll","background-type":"","background-media":"","overlay-type":"","overlay-color":"","overlay-opacity":"","overlay-gradient":""},"tablet":{"background-color":"var(--ast-global-color-5)","background-image":"","background-repeat":"repeat","background-position":"center center","background-size":"auto","background-attachment":"scroll","background-type":"","background-media":"","overlay-type":"","overlay-color":"","overlay-opacity":"","overlay-gradient":""},"mobile":{"background-color":"var(--ast-global-color-5)","background-image":"","background-repeat":"repeat","background-position":"center center","background-size":"auto","background-attachment":"scroll","background-type":"","background-media":"","overlay-type":"","overlay-color":"","overlay-opacity":"","overlay-gradient":""}},"footnotes":""},"class_list":["post-103","page","type-page","status-publish","hentry"],"_links":{"self":[{"href":"https:\/\/www.abholservice24.de\/ihr-abholservice-portal-startet-demnaechst-hier-neu\/wp-json\/wp\/v2\/pages\/103","targetHints":{"allow":["GET"]}}],"collection":[{"href":"https:\/\/www.abholservice24.de\/ihr-abholservice-portal-startet-demnaechst-hier-neu\/wp-json\/wp\/v2\/pages"}],"about":[{"href":"https:\/\/www.abholservice24.de\/ihr-abholservice-portal-startet-demnaechst-hier-neu\/wp-json\/wp\/v2\/types\/page"}],"author":[{"embeddable":true,"href":"https:\/\/www.abholservice24.de\/ihr-abholservice-portal-startet-demnaechst-hier-neu\/wp-json\/wp\/v2\/users\/1"}],"replies":[{"embeddable":true,"href":"https:\/\/www.abholservice24.de\/ihr-abholservice-portal-startet-demnaechst-hier-neu\/wp-json\/wp\/v2\/comments?post=103"}],"version-history":[{"count":8,"href":"https:\/\/www.abholservice24.de\/ihr-abholservice-portal-startet-demnaechst-hier-neu\/wp-json\/wp\/v2\/pages\/103\/revisions"}],"predecessor-version":[{"id":230,"href":"https:\/\/www.abholservice24.de\/ihr-abholservice-portal-startet-demnaechst-hier-neu\/wp-json\/wp\/v2\/pages\/103\/revisions\/230"}],"wp:attachment":[{"href":"https:\/\/www.abholservice24.de\/ihr-abholservice-portal-startet-demnaechst-hier-neu\/wp-json\/wp\/v2\/media?parent=103"}],"curies":[{"name":"wp","href":"https:\/\/api.w.org\/{rel}","templated":true}]}}